{"id":5636,"date":"2025-05-28T21:00:19","date_gmt":"2025-05-28T19:00:19","guid":{"rendered":"https:\/\/we-integrate.de\/mentions-legales\/"},"modified":"2025-06-15T21:34:29","modified_gmt":"2025-06-15T19:34:29","slug":"mentions-legales","status":"publish","type":"page","link":"https:\/\/we-integrate.de\/fr\/mentions-legales\/","title":{"rendered":"Mentions l\u00e9gales"},"content":{"rendered":"\t\t<div data-elementor-type=\"wp-page\" data-elementor-id=\"5636\" class=\"elementor elementor-5636 elementor-4024\" data-elementor-post-type=\"page\">\n\t\t\t\t<div class=\"e-con-with-custom-width elementor-element elementor-element-9a18116 e-flex e-con-boxed sc_layouts_column_icons_position_left e-con e-parent\" data-id=\"9a18116\" data-element_type=\"container\" data-e-type=\"container\">\n\t\t\t\t\t<div class=\"e-con-inner\">\n\t\t\t\t<div class=\"elementor-element elementor-element-8fa71f9 sc_fly_static elementor-widget elementor-widget-heading\" data-id=\"8fa71f9\" data-element_type=\"widget\" data-e-type=\"widget\" data-widget_type=\"heading.default\">\n\t\t\t\t<div class=\"elementor-widget-container\">\n\t\t\t\t\t<h1 class=\"elementor-heading-title elementor-size-default\">Mentions l\u00e9gales<\/h1>\t\t\t\t<\/div>\n\t\t\t\t<\/div>\n\t\t\t\t<div class=\"elementor-element elementor-element-9269439 sc_fly_static elementor-widget elementor-widget-text-editor\" data-id=\"9269439\" data-element_type=\"widget\" data-e-type=\"widget\" data-widget_type=\"text-editor.default\">\n\t\t\t\t<div class=\"elementor-widget-container\">\n\t\t\t\t\t\t\t\t\t<h6><strong>Informations conform\u00e9ment \u00e0 l&rsquo;article 5 de la loi allemande sur les t\u00e9l\u00e9m\u00e9dias (TMG)<\/strong><\/h6><p>we integrate e.V.<br>Leonhardstr. 20a<br>90443 Nuremberg<\/p>\t\t\t\t\t\t\t\t<\/div>\n\t\t\t\t<\/div>\n\t\t\t\t<div class=\"elementor-element elementor-element-06dba38 sc_fly_static elementor-widget elementor-widget-text-editor\" data-id=\"06dba38\" data-element_type=\"widget\" data-e-type=\"widget\" data-widget_type=\"text-editor.default\">\n\t\t\t\t<div class=\"elementor-widget-container\">\n\t\t\t\t\t\t\t\t\t<p>Registre des associations : VR 202480<br>Tribunal d&rsquo;enregistrement : Tribunal d&rsquo;instance de Nuremberg<\/p>\t\t\t\t\t\t\t\t<\/div>\n\t\t\t\t<\/div>\n\t\t\t\t<div class=\"elementor-element elementor-element-bfc7365 sc_fly_static elementor-widget elementor-widget-text-editor\" data-id=\"bfc7365\" data-element_type=\"widget\" data-e-type=\"widget\" data-widget_type=\"text-editor.default\">\n\t\t\t\t<div class=\"elementor-widget-container\">\n\t\t\t\t\t\t\t\t\t<h6><strong>Repr\u00e9sent\u00e9 par<\/strong><\/h6><p><strong>Pr\u00e9sidente :<\/strong> Maria Koornhof<br><strong>Vice-pr\u00e9sidente :<\/strong> Vivian Zapf<br><strong>Assesseur :<\/strong> Ashraf Almohammad Alomar<\/p>\t\t\t\t\t\t\t\t<\/div>\n\t\t\t\t<\/div>\n\t\t\t\t<div class=\"elementor-element elementor-element-03ecb31 sc_fly_static elementor-widget elementor-widget-text-editor\" data-id=\"03ecb31\" data-element_type=\"widget\" data-e-type=\"widget\" data-widget_type=\"text-editor.default\">\n\t\t\t\t<div class=\"elementor-widget-container\">\n\t\t\t\t\t\t\t\t\t<h6><strong>Contact<\/strong><\/h6><p>T\u00e9l\u00e9phone : 01590 3794136<br>Courriel : <a class=\"cm_anchor\" href=\"mailto:info%40we-integrate.de?subject=Mentions%20l%C3%A9gales&amp;body=Bonjour%20we%20integrate%2C\">info@we-integrate.de<\/a><\/p>\t\t\t\t\t\t\t\t<\/div>\n\t\t\t\t<\/div>\n\t\t\t\t<div class=\"elementor-element elementor-element-6f54729 sc_fly_static elementor-widget elementor-widget-text-editor\" data-id=\"6f54729\" data-element_type=\"widget\" data-e-type=\"widget\" data-widget_type=\"text-editor.default\">\n\t\t\t\t<div class=\"elementor-widget-container\">\n\t\t\t\t\t\t\t\t\t<h6><strong>Num\u00e9ro d&rsquo;identification fiscale<\/strong><\/h6><p>241\/111\/60534<\/p>\t\t\t\t\t\t\t\t<\/div>\n\t\t\t\t<\/div>\n\t\t\t\t<div class=\"elementor-element elementor-element-35903f7 sc_fly_static elementor-widget elementor-widget-text-editor\" data-id=\"35903f7\" data-element_type=\"widget\" data-e-type=\"widget\" data-widget_type=\"text-editor.default\">\n\t\t\t\t<div class=\"elementor-widget-container\">\n\t\t\t\t\t\t\t\t\t<h6>Responsable du contenu conform\u00e9ment \u00e0 l&rsquo;article 55, paragraphe 2 du trait\u00e9 d&rsquo;\u00c9tat sur la radiodiffusion (RStV) : 2 RStV :<\/h6><p>Vivian Zapf (repr\u00e9sentant le conseil d&rsquo;administration)<br>Mirjam Bernad (repr\u00e9sentant les relations publiques)<\/p>\t\t\t\t\t\t\t\t<\/div>\n\t\t\t\t<\/div>\n\t\t\t\t<div class=\"elementor-element elementor-element-b11330f sc_fly_static elementor-widget elementor-widget-text-editor\" data-id=\"b11330f\" data-element_type=\"widget\" data-e-type=\"widget\" data-widget_type=\"text-editor.default\">\n\t\t\t\t<div class=\"elementor-widget-container\">\n\t\t\t\t\t\t\t\t\t<h6><strong>R\u00e9solution des litiges<\/strong><\/h6><p>La Commission europ\u00e9enne met \u00e0 disposition une plateforme de r\u00e9solution des litiges en ligne (RLL) : <a class=\"cm_anchor\" href=\"https:\/\/ec.europa.eu\/consumers\/odr\" target=\"_blank\" rel=\"noreferrer noopener\">https:\/\/ec.europa.eu\/consumers\/odr<\/a>. Notre adresse \u00e9lectronique figure ci-dessus dans les mentions l\u00e9gales.<strong> Nous ne sommes ni dispos\u00e9s ni oblig\u00e9s \u00e0 participer \u00e0 des proc\u00e9dures de r\u00e8glement des diff\u00e9rends devant un organisme de conciliation des consommateurs.<\/strong><\/p>\t\t\t\t\t\t\t\t<\/div>\n\t\t\t\t<\/div>\n\t\t\t\t<div class=\"elementor-element elementor-element-fa56a3c sc_fly_static elementor-widget elementor-widget-text-editor\" data-id=\"fa56a3c\" data-element_type=\"widget\" data-e-type=\"widget\" data-widget_type=\"text-editor.default\">\n\t\t\t\t<div class=\"elementor-widget-container\">\n\t\t\t\t\t\t\t\t\t<h6><strong>Responsabilit\u00e9 pour le contenu<\/strong><\/h6><p>En tant que fournisseur de services, nous sommes responsables de nos propres contenus sur ces pages conform\u00e9ment \u00e0 l&rsquo;article 7, paragraphe 1 de la loi allemande sur les t\u00e9l\u00e9m\u00e9dias (TMG) et aux lois g\u00e9n\u00e9rales. Selon les articles 8 \u00e0 10 de la TMG, nous ne sommes toutefois pas tenus de surveiller les informations transmises ou stock\u00e9es par des tiers ni de rechercher des circonstances indiquant une activit\u00e9 ill\u00e9gale. Les obligations de suppression ou de blocage de l&rsquo;utilisation d&rsquo;informations conform\u00e9ment aux lois g\u00e9n\u00e9rales restent inchang\u00e9es. Cependant, une responsabilit\u00e9 \u00e0 cet \u00e9gard n&rsquo;est possible qu&rsquo;\u00e0 partir du moment o\u00f9 nous avons connaissance d&rsquo;une infraction sp\u00e9cifique. D\u00e8s que nous aurons connaissance de telles infractions, nous supprimerons imm\u00e9diatement ce contenu. Notre offre contient des liens vers des sites web externes de tiers, sur le contenu desquels nous n&rsquo;avons aucune influence.<\/p>\t\t\t\t\t\t\t\t<\/div>\n\t\t\t\t<\/div>\n\t\t\t\t<div class=\"elementor-element elementor-element-aaedc94 sc_fly_static elementor-widget elementor-widget-text-editor\" data-id=\"aaedc94\" data-element_type=\"widget\" data-e-type=\"widget\" data-widget_type=\"text-editor.default\">\n\t\t\t\t<div class=\"elementor-widget-container\">\n\t\t\t\t\t\t\t\t\t<h6><strong>Responsabilit\u00e9 pour les liens<\/strong><\/h6><p>Par cons\u00e9quent, nous ne pouvons assumer aucune garantie pour ces contenus \u00e9trangers. Le fournisseur ou l&rsquo;exploitant respectif des pages est toujours responsable du contenu des pages li\u00e9es. Les pages li\u00e9es ont \u00e9t\u00e9 v\u00e9rifi\u00e9es pour d&rsquo;\u00e9ventuelles violations de la loi au moment de leur cr\u00e9ation. Aucun contenu ill\u00e9gal n&rsquo;\u00e9tait reconnaissable au moment de la liaison. Toutefois, un contr\u00f4le permanent du contenu des pages li\u00e9es n&rsquo;est pas raisonnable sans indices concrets d&rsquo;une violation de la loi. Si nous prenons connaissance de violations de la loi, nous supprimerons imm\u00e9diatement ces liens. Droit d&rsquo;auteur<\/p>\t\t\t\t\t\t\t\t<\/div>\n\t\t\t\t<\/div>\n\t\t\t\t<div class=\"elementor-element elementor-element-6ebe887 sc_fly_static elementor-widget elementor-widget-text-editor\" data-id=\"6ebe887\" data-element_type=\"widget\" data-e-type=\"widget\" data-widget_type=\"text-editor.default\">\n\t\t\t\t<div class=\"elementor-widget-container\">\n\t\t\t\t\t\t\t\t\t<h6><strong>Droit d&rsquo;auteur<\/strong><\/h6><p>Le contenu et les \u0153uvres cr\u00e9\u00e9s par les exploitants du site sur ces pages sont soumis au droit d&rsquo;auteur allemand. La reproduction, le traitement, la distribution et toute forme d&rsquo;exploitation en dehors des limites du droit d&rsquo;auteur n\u00e9cessitent l&rsquo;accord \u00e9crit de l&rsquo;auteur ou du cr\u00e9ateur respectif. Les t\u00e9l\u00e9chargements et les copies de ce site ne sont autoris\u00e9s que pour un usage priv\u00e9 et non commercial. Dans la mesure o\u00f9 le contenu de ce site n&rsquo;a pas \u00e9t\u00e9 cr\u00e9\u00e9 par l&rsquo;exploitant, les droits d&rsquo;auteur de tiers sont respect\u00e9s. En particulier, le contenu de tiers est identifi\u00e9 comme tel. Si vous remarquez n\u00e9anmoins une violation du droit d&rsquo;auteur, veuillez nous en informer. D\u00e8s que nous aurons connaissance de violations de la loi, nous supprimerons imm\u00e9diatement ce contenu.<\/p>\t\t\t\t\t\t\t\t<\/div>\n\t\t\t\t<\/div>\n\t\t\t\t\t<\/div>\n\t\t\t\t<\/div>\n\t\t\t\t<\/div>\n\t\t","protected":false},"excerpt":{"rendered":"<p>Mentions l\u00e9gales Informations conform\u00e9ment \u00e0 l&rsquo;article&hellip;<\/p>\n","protected":false},"author":1,"featured_media":0,"parent":0,"menu_order":0,"comment_status":"closed","ping_status":"closed","template":"elementor_theme","meta":{"_acf_changed":false,"footnotes":""},"class_list":["post-5636","page","type-page","status-publish","hentry"],"acf":[],"_links":{"self":[{"href":"https:\/\/we-integrate.de\/fr\/wp-json\/wp\/v2\/pages\/5636","targetHints":{"allow":["GET"]}}],"collection":[{"href":"https:\/\/we-integrate.de\/fr\/wp-json\/wp\/v2\/pages"}],"about":[{"href":"https:\/\/we-integrate.de\/fr\/wp-json\/wp\/v2\/types\/page"}],"author":[{"embeddable":true,"href":"https:\/\/we-integrate.de\/fr\/wp-json\/wp\/v2\/users\/1"}],"replies":[{"embeddable":true,"href":"https:\/\/we-integrate.de\/fr\/wp-json\/wp\/v2\/comments?post=5636"}],"version-history":[{"count":1,"href":"https:\/\/we-integrate.de\/fr\/wp-json\/wp\/v2\/pages\/5636\/revisions"}],"predecessor-version":[{"id":5637,"href":"https:\/\/we-integrate.de\/fr\/wp-json\/wp\/v2\/pages\/5636\/revisions\/5637"}],"wp:attachment":[{"href":"https:\/\/we-integrate.de\/fr\/wp-json\/wp\/v2\/media?parent=5636"}],"curies":[{"name":"wp","href":"https:\/\/api.w.org\/{rel}","templated":true}]}}